{"id":12009,"date":"2018-11-14T16:13:14","date_gmt":"2018-11-14T16:13:14","guid":{"rendered":"http:\/\/hattenonline18.wpengine.com\/klarna-checkout\/"},"modified":"2019-08-23T07:50:11","modified_gmt":"2019-08-23T07:50:11","slug":"klarna-checkout","status":"publish","type":"page","link":"https:\/\/testyta.eu\/de\/klarna-checkout\/","title":{"rendered":"Klarna Checkout"},"content":{"rendered":"<div class=\"loggaIn\">\n<h1>Dags att skapa ett anv\u00e4ndarkonto!<\/h1>\n<p>Fyll i uppgifterna f\u00f6r den som ska anv\u00e4nda HattenOnline.<br \/>\n\t<div class='user-registration ur-frontend-form   ' id='user-registration-form-12081'>\n\t\t\t\t\t\t\t\t<form method='post' class='register' data-form-id=\"12081\"\n\t\t\t\tdata-enable-strength-password=\"1\" data-minimum-password-strength=\"3\"\n\t\t\t\t\t\t\t\t\t\t\t\t\t\t\t data-captcha-enabled=\"\">\n\n\t\t\t\t<div class=\"ur-form-row\" data-row-id=\"0\">\t\t\t\t\t\t<div class=\"ur-form-grid ur-grid-1\"\n\t\t\t\t\t\t\tstyle=\"width:99%\">\n\t\t\t\t\t\t\t\t\t\t\t\t\t\t<div  data-field-id=\"user_email\" class=\"ur-field-item field-user_email \" data-ref-id=\"user_email\" data-field-pattern-enabled=\"0\" data-field-pattern-value=\" \" data-field-pattern-message=\" \">\n\t\t\t\t\t\t\t\t\t<div class=\"form-row validate-required\" id=\"user_email_field\" data-priority=\"\" ><label for=\"user_email\" class=\"ur-label\">E-post <abbr class=\"required\" title=\"required\">*<\/abbr><\/label> <span class=\"input-wrapper\"> <input  data-rules=\"\" data-id=\"user_email\" type=\"email\" class=\"input-text   input-email ur-frontend-field \" name=\"user_email\" id=\"user_email\" placeholder=\"\"  value=\"\" required=\"required\" data-label=\"E-post\" \/> <\/span> <\/div>\t\t\t\t\t\t\t\t<\/div>\n\t\t\t\t\t\t\t\t\t\t\t\t\t\t\t\t<div  data-field-id=\"user_login\" class=\"ur-field-item field-user_login \" data-ref-id=\"user_login\" data-field-pattern-enabled=\"0\" data-field-pattern-value=\" \" data-field-pattern-message=\" \">\n\t\t\t\t\t\t\t\t\t<div class=\"form-row \" id=\"user_login_field\" data-priority=\"\" ><label for=\"user_login\" class=\"ur-label\">\u00d6nskat anv\u00e4ndarnamn<\/label> <span class=\"input-wrapper\"> <input  data-rules=\"\" data-id=\"user_login\" type=\"text\" class=\"input-text   input-text ur-frontend-field \" name=\"user_login\" id=\"user_login\" placeholder=\"\"  value=\"\" data-label=\"\u00d6nskat anv\u00e4ndarnamn\" \/> <\/span> <\/div>\t\t\t\t\t\t\t\t<\/div>\n\t\t\t\t\t\t\t\t\t\t\t\t\t\t\t\t<div  data-field-id=\"user_pass\" class=\"ur-field-item field-user_pass \" data-ref-id=\"user_pass\" data-field-pattern-enabled=\"0\" data-field-pattern-value=\" \" data-field-pattern-message=\" \">\n\t\t\t\t\t\t\t\t\t<div class=\"form-row validate-required hide_show_password\" id=\"user_pass_field\" data-priority=\"\"><label for=\"user_pass\" class=\"ur-label\">\u00d6nskat l\u00f6senord <abbr class=\"required\" title=\"required\">*<\/abbr><\/label> <span class=\"input-wrapper\"> <span class=\"password-input-group input-form-field-icons\"><input data-rules=\"\" data-id=\"user_pass\" type=\"password\" class=\"input-text  input-password ur-frontend-field \" name=\"user_pass\" id=\"user_pass\" placeholder=\"\"  value=\"\" required=\"required\" data-label=\"\u00d6nskat l\u00f6senord\" \/><\/span> <\/span> <\/div>\t\t\t\t\t\t\t\t<\/div>\n\t\t\t\t\t\t\t\t\t\t\t\t\t\t<\/div>\n\t\t\t\t\t\t\t\t\t\t\t<\/div>\n\t\t\t\t\t\t\t\t\t\t\t\t\t\t\t\t\t<div class=\"ur-button-container \" >\n\t\t\t\t\t\t\t\t\t\t\t\t\t\t<button type=\"submit\" class=\"btn button ur-submit-button \"  conditional_rules=\"&quot;&quot;\">\n\t\t\t\t\t\t\t\t<span><\/span>\n\t\t\t\t\t\t\t\tSubmit\t\t\t\t\t\t\t<\/button>\n\t\t\t\t\t\t\t\t\t\t\t\t\t\t\t\t\t\t\t\t<\/div>\n\t\t\t\t\t\t\n\t\t\t\t<div style=\"clear:both\"><\/div>\n\t\t\t\t\t\t\t\t<input type=\"hidden\" name=\"ur-registration-language\" value=\"de\"\/>\n\t\t\t\t<input type=\"hidden\" name=\"ur-user-form-id\" value=\"12081\"\/>\n\t\t\t\t<input type=\"hidden\" name=\"ur-redirect-url\" value=\"https:\/\/testyta.eu\/wp-login.php\"\/>\n\t\t\t\t<input type=\"hidden\" id=\"ur_frontend_form_nonce\" name=\"ur_frontend_form_nonce\" value=\"8d68f69099\" \/>\n\t\t\t\t\t\t\t<\/form>\n\t\t\t\n\t\t<div style=\"clear:both\"><\/div>\n\t<\/div>\n<\/p>\n<p>Om du redan har ett konto som du vill f\u00f6rl\u00e4nga s\u00e5 logga in nedan:<br \/>\n\t\t<script>\r\n\t\t\tfunction closeMessage(){jQuery('.error_wid_login').hide();}\r\n\t\t\tjQuery(document).ready(function () {\r\n\t\t\t\tjQuery('#login').validate({ errorClass: \"lw-error\" });\r\n\t\t\t});\r\n\t\t<\/script>\r\n\t\r\n<div class=\"login-wrap\">\r\n\r\n\t<div id=\"login-form\" class=\"login-form \">\r\n\r\n\t\t\r\n\t\t\r\n\t\t<form name=\"login\" id=\"login\" method=\"post\" action=\"\" autocomplete=\"off\" >\r\n\r\n\t\t\r\n\t\t<input type=\"hidden\" name=\"option\" value=\"ap_user_login\" \/>\r\n\t\t<input type=\"hidden\" name=\"redirect\" value=\"https:\/\/testyta.eu\/de\/wp-json\/wp\/v2\/pages\/12009\" \/>\r\n\t\t<div class=\"log-form-group\">\r\n\t\t\t<label for=\"userusername\">Benutzername <\/label>\r\n\t\t\t<input type=\"text\" name=\"userusername\" id=\"userusername\" title=\"Please enter username\"  required\/>\r\n\t\t<\/div>\r\n\t\t<div class=\"log-form-group\">\r\n\t\t\t<label for=\"userpassword\">Passwort <\/label>\r\n\t\t\t<input type=\"password\" name=\"userpassword\" id=\"userpassword\" title=\"Please enter password\"  required\/>\r\n\t\t<\/div>\r\n\r\n\t\t\r\n\t\t\r\n\t\t\t\t\t<br \/>\r\n\t\t\t\t\t<hr>\r\n\t\t\t\t\t<div style=\"text-align:center;padding:5px\">\r\n\t\t\t\t\t\tLogin with\r\n\t\t\t\t\t\t<br \/>\r\n\t\t\t\t\t\t<a href=\"https:\/\/fed.skolfederation.se\/prod\/ds\/?entityID=https:\/\/testyta.eu\/wp-content\/plugins\/miniorange-saml-20-single-sign-on\/&amp;return=https%3A%2F%2Ftestyta.eu%3Foption%3Dsaml_user_login\" style=\"text-decoration:none\" target=\"_blank\"><input type=\"button\" value=\"SkolFederation\" style=\"width:100px;height:50px;border-radius:5px;background-color:#0085ba;border-color:transparent;color:#ffffff;font-size:20px;padding:0px\">\r\n\t\t\t\t\t\t<\/a>\r\n\t\t\t\t\t<\/div>\r\n\t\t\t\t\t<hr>\r\n\t\t\t\t\t<br \/><script>\r\n\t\t\t\tjQuery(document).ready(function () {\r\n\t\t\t\t\tjQuery(\"#loginform\").append(`<div class=\"sso-buttons-below\" style=\"padding-top: 35px;\"><\/div>`);\r\n\t\t\t\t\tvar $element = jQuery(\"#user_login\");\r\n\t\t\t\t\tjQuery(`<div class=\"sso-buttons-above\" style=\"padding-top: 15px;\"><\/div>`).insertBefore(jQuery(\"label[for='\"+$element.attr('id')+\"']\"));\r\n\t\t\t\t});\r\n\t\t<\/script>\r\n\t\t\r\n\t\t<div class=\"login-submit\"><input name=\"login\" type=\"submit\" value=\"Anmeldung\" \/><\/div>\r\n\r\n\t\t<div class=\"log-form-group extra-links\">\r\n\t\t\t\t\t<\/div>\r\n\r\n\t\t<\/form>\r\n\r\n\t\t\r\n\t\t<\/div>\r\n\r\n<\/div>\r\n\r\n <\/p><\/div>\n<p><a href=\"https:\/\/testyta.eu\/de\/checkout-2\/\" class=\"switchCheckout\">Betala med aktiveringskod eller faktura f\u00f6r f\u00f6retag<\/a><br \/>\n<a href=\"\/?page_id=11850\" class=\"launcHattenonline\">STARTA HATTENONLINE<\/a><\/p>\n<h1>Klarna Checkout<\/h1>\n<p><i>OBS! \u00c4ndra ej e-postadressen nedan (detta f\u00f6r att vi automatiskt ska kunna aktivera ditt konto).<\/i>[woocommerce_klarna_checkout]<\/p>\n","protected":false},"excerpt":{"rendered":"<p>Dags att skapa ett anv\u00e4ndarkonto! Fyll i uppgifterna f\u00f6r den som ska anv\u00e4nda HattenOnline. Om du redan har ett konto som du vill f\u00f6rl\u00e4nga s\u00e5 logga in nedan: Betala med aktiveringskod eller faktura f\u00f6r f\u00f6retag STARTA HATTENONLINE Klarna Checkout OBS! \u00c4ndra ej e-postadressen nedan (detta f\u00f6r att vi automatiskt ska kunna aktivera ditt konto).[woocommerce_klarna_checkout]<\/p>\n","protected":false},"author":1,"featured_media":0,"parent":0,"menu_order":0,"comment_status":"closed","ping_status":"closed","template":"","meta":{"_acf_changed":false,"inline_featured_image":false,"_exactmetrics_skip_tracking":false,"_exactmetrics_sitenote_active":false,"_exactmetrics_sitenote_note":"","_exactmetrics_sitenote_category":0,"footnotes":""},"class_list":["post-12009","page","type-page","status-publish","hentry"],"acf":[],"_links":{"self":[{"href":"https:\/\/testyta.eu\/de\/wp-json\/wp\/v2\/pages\/12009","targetHints":{"allow":["GET"]}}],"collection":[{"href":"https:\/\/testyta.eu\/de\/wp-json\/wp\/v2\/pages"}],"about":[{"href":"https:\/\/testyta.eu\/de\/wp-json\/wp\/v2\/types\/page"}],"author":[{"embeddable":true,"href":"https:\/\/testyta.eu\/de\/wp-json\/wp\/v2\/users\/1"}],"replies":[{"embeddable":true,"href":"https:\/\/testyta.eu\/de\/wp-json\/wp\/v2\/comments?post=12009"}],"version-history":[{"count":0,"href":"https:\/\/testyta.eu\/de\/wp-json\/wp\/v2\/pages\/12009\/revisions"}],"wp:attachment":[{"href":"https:\/\/testyta.eu\/de\/wp-json\/wp\/v2\/media?parent=12009"}],"curies":[{"name":"wp","href":"https:\/\/api.w.org\/{rel}","templated":true}]}}