{"id":12008,"date":"2018-11-14T16:13:14","date_gmt":"2018-11-14T16:13:14","guid":{"rendered":"http:\/\/hattenonline18.wpengine.com\/klarna-checkout\/"},"modified":"2022-10-10T11:31:25","modified_gmt":"2022-10-10T11:31:25","slug":"hjalp","status":"publish","type":"page","link":"https:\/\/testyta.eu\/fi\/hjalp\/","title":{"rendered":"Hj\u00e4lp"},"content":{"rendered":"<h1>Hj\u00e4lp<\/h1>\n<p><strong>Skaffa ett abonnemang med hj\u00e4lp av aktiveringskod<\/strong><br \/>\nG\u00f6r s\u00e5 h\u00e4r: <a href=\"https:\/\/youtu.be\/jFdXcc_hBoc\" target=\"_blank\" rel=\"noopener\">SE VIDEO<\/a><\/p>\n<p><strong>Beh\u00f6ver du f\u00f6rl\u00e4nga ditt abonnemang?<\/strong><br \/>\nG\u00f6r s\u00e5 h\u00e4r: <a href=\"https:\/\/watch.screencastify.com\/v\/NhqtGYMgfBPhnv8iGcjm\" target=\"_blank\" rel=\"noopener\">SE VIDEO<\/a><\/p>\n<p><strong>Har du andra fr\u00e5gor?<\/strong><br \/>\nKontakta <a href=\"mailto:support@hattenforlag.se\">support@hattenforlag.se<\/a><\/p>\n","protected":false},"excerpt":{"rendered":"<p>Hj\u00e4lp Skaffa ett abonnemang med hj\u00e4lp av aktiveringskod G\u00f6r s\u00e5 h\u00e4r: SE VIDEO Beh\u00f6ver du f\u00f6rl\u00e4nga ditt abonnemang? G\u00f6r s\u00e5 h\u00e4r: SE VIDEO Har du andra fr\u00e5gor? Kontakta support@hattenforlag.se<\/p>\n","protected":false},"author":1,"featured_media":0,"parent":0,"menu_order":0,"comment_status":"closed","ping_status":"closed","template":"","meta":{"_acf_changed":false,"inline_featured_image":false,"_exactmetrics_skip_tracking":false,"_exactmetrics_sitenote_active":false,"_exactmetrics_sitenote_note":"","_exactmetrics_sitenote_category":0,"footnotes":""},"class_list":["post-12008","page","type-page","status-publish","hentry"],"acf":[],"_links":{"self":[{"href":"https:\/\/testyta.eu\/fi\/wp-json\/wp\/v2\/pages\/12008","targetHints":{"allow":["GET"]}}],"collection":[{"href":"https:\/\/testyta.eu\/fi\/wp-json\/wp\/v2\/pages"}],"about":[{"href":"https:\/\/testyta.eu\/fi\/wp-json\/wp\/v2\/types\/page"}],"author":[{"embeddable":true,"href":"https:\/\/testyta.eu\/fi\/wp-json\/wp\/v2\/users\/1"}],"replies":[{"embeddable":true,"href":"https:\/\/testyta.eu\/fi\/wp-json\/wp\/v2\/comments?post=12008"}],"version-history":[{"count":0,"href":"https:\/\/testyta.eu\/fi\/wp-json\/wp\/v2\/pages\/12008\/revisions"}],"wp:attachment":[{"href":"https:\/\/testyta.eu\/fi\/wp-json\/wp\/v2\/media?parent=12008"}],"curies":[{"name":"wp","href":"https:\/\/api.w.org\/{rel}","templated":true}]}}